{"id":16,"date":"2018-05-31T11:57:01","date_gmt":"2018-05-31T09:57:01","guid":{"rendered":"https:\/\/www.webitics.fr\/?page_id=16"},"modified":"2020-11-26T15:18:23","modified_gmt":"2020-11-26T14:18:23","slug":"referencement-conseil-en-strategie-web","status":"publish","type":"page","link":"https:\/\/www.webitics.fr\/","title":{"rendered":"R\u00e9f\u00e9rencement &amp; Conseil en Strat\u00e9gie Web"},"content":{"rendered":"","protected":false},"excerpt":{"rendered":"<p>R\u00e9f\u00e9rencement (SEO \/ SEA) &amp; Conseil en Strat\u00e9gie Web. Nous d\u00e9finissons et mettons en place une strat\u00e9gie web adapt\u00e9e \u00e0 votre march\u00e9 en tenant compte de vos objectifs et de votre positionnement actuel.<\/p>\n","protected":false},"author":1,"featured_media":297,"parent":0,"menu_order":0,"comment_status":"closed","ping_status":"closed","template":"","meta":[],"acf":[],"_links":{"self":[{"href":"https:\/\/www.webitics.fr\/index.php?rest_route=\/wp\/v2\/pages\/16"}],"collection":[{"href":"https:\/\/www.webitics.fr\/index.php?rest_route=\/wp\/v2\/pages"}],"about":[{"href":"https:\/\/www.webitics.fr\/index.php?rest_route=\/wp\/v2\/types\/page"}],"author":[{"embeddable":true,"href":"https:\/\/www.webitics.fr\/index.php?rest_route=\/wp\/v2\/users\/1"}],"replies":[{"embeddable":true,"href":"https:\/\/www.webitics.fr\/index.php?rest_route=%2Fwp%2Fv2%2Fcomments&post=16"}],"version-history":[{"count":70,"href":"https:\/\/www.webitics.fr\/index.php?rest_route=\/wp\/v2\/pages\/16\/revisions"}],"predecessor-version":[{"id":1789,"href":"https:\/\/www.webitics.fr\/index.php?rest_route=\/wp\/v2\/pages\/16\/revisions\/1789"}],"wp:featuredmedia":[{"embeddable":true,"href":"https:\/\/www.webitics.fr\/index.php?rest_route=\/wp\/v2\/media\/297"}],"wp:attachment":[{"href":"https:\/\/www.webitics.fr\/index.php?rest_route=%2Fwp%2Fv2%2Fmedia&parent=16"}],"curies":[{"name":"wp","href":"https:\/\/api.w.org\/{rel}","templated":true}]}}